{"id":5297,"date":"2025-01-28T10:03:17","date_gmt":"2025-01-28T09:03:17","guid":{"rendered":"http:\/\/qntgkdg.cluster100.hosting.ovh.net\/wordpress\/?page_id=5297"},"modified":"2025-01-28T10:03:17","modified_gmt":"2025-01-28T09:03:17","slug":"mentions-legales","status":"publish","type":"page","link":"https:\/\/www.auptitbonheur.bzh\/?page_id=5297","title":{"rendered":"Mentions l\u00e9gales"},"content":{"rendered":"<p><strong>Ce site appartient \u00e0 :<\/strong><\/p>\n<p><strong>SARL Au P&rsquo;tit Bonheur<\/strong><br \/>\n2 rue Marcel Paul<br \/>\n22200 Guingamp<\/p>\n<p><strong>RCS :<\/strong> 914 323 043 000 10<\/p>\n<p><strong>Directeur de publication :<\/strong> David Stephan<\/p>\n<p><strong>Cr\u00e9ation du site :<\/strong><\/p>\n<p><strong>Agence Grain de Sell Paimpol &#8211; <\/strong>28B Lein ar lan &#8211; 22470 Plou\u00e9zec &#8211; France<br \/>\n<a href=\"https:\/\/www.graindesell.com\">www.graindesell.com<\/a><\/p>\n<p><strong>H\u00e9bergeur :<\/strong><br \/>\nOVH 2 rue Kellermann 59100 ROUBAIX<\/p>\n<p><strong>Protection g\u00e9n\u00e9rale des donn\u00e9es :<\/strong><br \/>\nNous ne r\u00e9coltons pas de donn\u00e9es personnelles lors de la navigation sur le site. Nous r\u00e9coltons des donn\u00e9es anonymis\u00e9es pour permettre une bonne compr\u00e9hension de nos visiteurs. Aucun cookie n\u2019est d\u00e9pos\u00e9 pour l\u2019analyse de votre navigation par ce site.<\/p>\n<p><strong>Cr\u00e9dits Photos :<\/strong><br \/>\nToutes les images et visuels sont la propri\u00e9t\u00e9 de Au Ptit Bonheur ou de ses partenaires. Elles sont soumises au droit d\u2019auteur et toute utilisation en dehors du cadre de ce site doit faire l\u2019objet d\u2019une demande sp\u00e9cifique.<\/p>\n","protected":false},"excerpt":{"rendered":"<p>Ce site appartient \u00e0 : SARL Au P&rsquo;tit Bonheur 2 rue Marcel Paul 22200 Guingamp RCS : 914 323 043 000 10 Directeur de publication : David Stephan Cr\u00e9ation du site : Agence Grain de Sell Paimpol &#8211; 28B Lein ar lan &#8211; 22470 Plou\u00e9zec &#8211; France www.graindesell.com H\u00e9bergeur : OVH 2 rue Kellermann 59100<\/p>\n","protected":false},"author":3,"featured_media":0,"parent":0,"menu_order":0,"comment_status":"closed","ping_status":"closed","template":"","meta":{"footnotes":""},"class_list":["post-5297","page","type-page","status-publish","hentry"],"yoast_head":"<!-- This site is optimized with the Yoast SEO plugin v27.0 - https:\/\/yoast.com\/product\/yoast-seo-wordpress\/ -->\n<title>Mentions l\u00e9gales - Au P&#039;tit Bonheur<\/title>\n<meta name=\"robots\" content=\"index, follow, max-snippet:-1, max-image-preview:large, max-video-preview:-1\" \/>\n<link rel=\"canonical\" href=\"https:\/\/www.auptitbonheur.bzh\/?page_id=5297\" \/>\n<meta property=\"og:locale\" content=\"fr_FR\" \/>\n<meta property=\"og:type\" content=\"article\" \/>\n<meta property=\"og:title\" content=\"Mentions l\u00e9gales - Au P&#039;tit Bonheur\" \/>\n<meta property=\"og:description\" content=\"Ce site appartient \u00e0 : SARL Au P&rsquo;tit Bonheur 2 rue Marcel Paul 22200 Guingamp RCS : 914 323 043 000 10 Directeur de publication : David Stephan Cr\u00e9ation du site : Agence Grain de Sell Paimpol &#8211; 28B Lein ar lan &#8211; 22470 Plou\u00e9zec &#8211; France www.graindesell.com H\u00e9bergeur : OVH 2 rue Kellermann 59100\" \/>\n<meta property=\"og:url\" content=\"https:\/\/www.auptitbonheur.bzh\/?page_id=5297\" \/>\n<meta property=\"og:site_name\" content=\"Au P&#039;tit Bonheur\" \/>\n<meta name=\"twitter:card\" content=\"summary_large_image\" \/>\n<meta name=\"twitter:label1\" content=\"Dur\u00e9e de lecture estim\u00e9e\" \/>\n\t<meta name=\"twitter:data1\" content=\"1 minute\" \/>\n<script type=\"application\/ld+json\" class=\"yoast-schema-graph\">{\"@context\":\"https:\/\/schema.org\",\"@graph\":[{\"@type\":\"WebPage\",\"@id\":\"https:\/\/www.auptitbonheur.bzh\/?page_id=5297\",\"url\":\"https:\/\/www.auptitbonheur.bzh\/?page_id=5297\",\"name\":\"Mentions l\u00e9gales - Au P&#039;tit Bonheur\",\"isPartOf\":{\"@id\":\"https:\/\/www.auptitbonheur.bzh\/#website\"},\"datePublished\":\"2025-01-28T09:03:17+00:00\",\"breadcrumb\":{\"@id\":\"https:\/\/www.auptitbonheur.bzh\/?page_id=5297#breadcrumb\"},\"inLanguage\":\"fr-FR\",\"potentialAction\":[{\"@type\":\"ReadAction\",\"target\":[\"https:\/\/www.auptitbonheur.bzh\/?page_id=5297\"]}]},{\"@type\":\"BreadcrumbList\",\"@id\":\"https:\/\/www.auptitbonheur.bzh\/?page_id=5297#breadcrumb\",\"itemListElement\":[{\"@type\":\"ListItem\",\"position\":1,\"name\":\"Accueil\",\"item\":\"https:\/\/www.auptitbonheur.bzh\/\"},{\"@type\":\"ListItem\",\"position\":2,\"name\":\"Mentions l\u00e9gales\"}]},{\"@type\":\"WebSite\",\"@id\":\"https:\/\/www.auptitbonheur.bzh\/#website\",\"url\":\"https:\/\/www.auptitbonheur.bzh\/\",\"name\":\"Au P&#039;tit Bonheur\",\"description\":\"\",\"potentialAction\":[{\"@type\":\"SearchAction\",\"target\":{\"@type\":\"EntryPoint\",\"urlTemplate\":\"https:\/\/www.auptitbonheur.bzh\/?s={search_term_string}\"},\"query-input\":{\"@type\":\"PropertyValueSpecification\",\"valueRequired\":true,\"valueName\":\"search_term_string\"}}],\"inLanguage\":\"fr-FR\"}]}<\/script>\n<!-- \/ Yoast SEO plugin. -->","yoast_head_json":{"title":"Mentions l\u00e9gales - Au P&#039;tit Bonheur","robots":{"index":"index","follow":"follow","max-snippet":"max-snippet:-1","max-image-preview":"max-image-preview:large","max-video-preview":"max-video-preview:-1"},"canonical":"https:\/\/www.auptitbonheur.bzh\/?page_id=5297","og_locale":"fr_FR","og_type":"article","og_title":"Mentions l\u00e9gales - Au P&#039;tit Bonheur","og_description":"Ce site appartient \u00e0 : SARL Au P&rsquo;tit Bonheur 2 rue Marcel Paul 22200 Guingamp RCS : 914 323 043 000 10 Directeur de publication : David Stephan Cr\u00e9ation du site : Agence Grain de Sell Paimpol &#8211; 28B Lein ar lan &#8211; 22470 Plou\u00e9zec &#8211; France www.graindesell.com H\u00e9bergeur : OVH 2 rue Kellermann 59100","og_url":"https:\/\/www.auptitbonheur.bzh\/?page_id=5297","og_site_name":"Au P&#039;tit Bonheur","twitter_card":"summary_large_image","twitter_misc":{"Dur\u00e9e de lecture estim\u00e9e":"1 minute"},"schema":{"@context":"https:\/\/schema.org","@graph":[{"@type":"WebPage","@id":"https:\/\/www.auptitbonheur.bzh\/?page_id=5297","url":"https:\/\/www.auptitbonheur.bzh\/?page_id=5297","name":"Mentions l\u00e9gales - Au P&#039;tit Bonheur","isPartOf":{"@id":"https:\/\/www.auptitbonheur.bzh\/#website"},"datePublished":"2025-01-28T09:03:17+00:00","breadcrumb":{"@id":"https:\/\/www.auptitbonheur.bzh\/?page_id=5297#breadcrumb"},"inLanguage":"fr-FR","potentialAction":[{"@type":"ReadAction","target":["https:\/\/www.auptitbonheur.bzh\/?page_id=5297"]}]},{"@type":"BreadcrumbList","@id":"https:\/\/www.auptitbonheur.bzh\/?page_id=5297#breadcrumb","itemListElement":[{"@type":"ListItem","position":1,"name":"Accueil","item":"https:\/\/www.auptitbonheur.bzh\/"},{"@type":"ListItem","position":2,"name":"Mentions l\u00e9gales"}]},{"@type":"WebSite","@id":"https:\/\/www.auptitbonheur.bzh\/#website","url":"https:\/\/www.auptitbonheur.bzh\/","name":"Au P&#039;tit Bonheur","description":"","potentialAction":[{"@type":"SearchAction","target":{"@type":"EntryPoint","urlTemplate":"https:\/\/www.auptitbonheur.bzh\/?s={search_term_string}"},"query-input":{"@type":"PropertyValueSpecification","valueRequired":true,"valueName":"search_term_string"}}],"inLanguage":"fr-FR"}]}},"_links":{"self":[{"href":"https:\/\/www.auptitbonheur.bzh\/index.php?rest_route=\/wp\/v2\/pages\/5297","targetHints":{"allow":["GET"]}}],"collection":[{"href":"https:\/\/www.auptitbonheur.bzh\/index.php?rest_route=\/wp\/v2\/pages"}],"about":[{"href":"https:\/\/www.auptitbonheur.bzh\/index.php?rest_route=\/wp\/v2\/types\/page"}],"author":[{"embeddable":true,"href":"https:\/\/www.auptitbonheur.bzh\/index.php?rest_route=\/wp\/v2\/users\/3"}],"replies":[{"embeddable":true,"href":"https:\/\/www.auptitbonheur.bzh\/index.php?rest_route=%2Fwp%2Fv2%2Fcomments&post=5297"}],"version-history":[{"count":1,"href":"https:\/\/www.auptitbonheur.bzh\/index.php?rest_route=\/wp\/v2\/pages\/5297\/revisions"}],"predecessor-version":[{"id":5298,"href":"https:\/\/www.auptitbonheur.bzh\/index.php?rest_route=\/wp\/v2\/pages\/5297\/revisions\/5298"}],"wp:attachment":[{"href":"https:\/\/www.auptitbonheur.bzh\/index.php?rest_route=%2Fwp%2Fv2%2Fmedia&parent=5297"}],"curies":[{"name":"wp","href":"https:\/\/api.w.org\/{rel}","templated":true}]}}